{"id":1497,"date":"2025-07-24T10:12:54","date_gmt":"2025-07-24T10:12:54","guid":{"rendered":"https:\/\/paideiaprestige.com\/contactenos\/"},"modified":"2025-09-18T11:38:33","modified_gmt":"2025-09-18T11:38:33","slug":"contactenos","status":"publish","type":"page","link":"https:\/\/paideiaprestige.com\/es\/contactenos\/","title":{"rendered":"Cont\u00e1ctenos"},"content":{"rendered":"\t\t<div data-elementor-type=\"wp-page\" data-elementor-id=\"1497\" class=\"elementor elementor-1497 elementor-101\" data-elementor-post-type=\"page\">\n\t\t\t\t<div class=\"elementor-element elementor-element-9dfd215 e-flex e-con-boxed e-con e-parent\" data-id=\"9dfd215\" data-element_type=\"container\" data-settings=\"{&quot;background_background&quot;:&quot;classic&quot;}\">\n\t\t\t\t\t<div class=\"e-con-inner\">\n\t\t<div class=\"elementor-element elementor-element-9936df6 e-con-full e-flex e-con e-child\" data-id=\"9936df6\" data-element_type=\"container\">\n\t\t<div class=\"elementor-element elementor-element-9e7a153 e-con-full e-flex elementor-invisible e-con e-child\" data-id=\"9e7a153\" data-element_type=\"container\" data-settings=\"{&quot;animation&quot;:&quot;fadeInUp&quot;}\">\n\t\t\t\t<div class=\"elementor-element elementor-element-4c81d89 elementor-widget elementor-widget-heading\" data-id=\"4c81d89\" data-element_type=\"widget\" data-widget_type=\"heading.default\">\n\t\t\t\t\t<h2 class=\"elementor-heading-title elementor-size-default\">Cont\u00e1ctenos<\/h2>\t\t\t\t<\/div>\n\t\t\t\t<div class=\"elementor-element elementor-element-bd5d54d elementor-widget__width-initial elementor-widget elementor-widget-text-editor\" data-id=\"bd5d54d\" data-element_type=\"widget\" data-widget_type=\"text-editor.default\">\n\t\t\t\t\t\t\t\t\t\u00bfTienes preguntas o necesitas orientaci\u00f3n con el proceso de admisi\u00f3n universitaria? Cont\u00e1ctanos y hagamos que tu experiencia de solicitud sea fluida y sin estr\u00e9s. \t\t\t\t\t\t\t\t<\/div>\n\t\t\t\t<\/div>\n\t\t\t\t<\/div>\n\t\t\t\t\t<\/div>\n\t\t\t\t<\/div>\n\t\t<div class=\"elementor-element elementor-element-f47b344 e-flex e-con-boxed e-con e-parent\" data-id=\"f47b344\" data-element_type=\"container\" data-settings=\"{&quot;background_background&quot;:&quot;classic&quot;}\">\n\t\t\t\t\t<div class=\"e-con-inner\">\n\t\t<div class=\"elementor-element elementor-element-9bd1780 e-con-full e-flex e-con e-child\" data-id=\"9bd1780\" data-element_type=\"container\">\n\t\t<div class=\"elementor-element elementor-element-d8cf736 e-con-full e-flex elementor-invisible e-con e-child\" data-id=\"d8cf736\" data-element_type=\"container\" data-settings=\"{&quot;animation&quot;:&quot;fadeInRight&quot;}\">\n\t\t<div class=\"elementor-element elementor-element-d9b6a53 e-con-full e-flex e-con e-child\" data-id=\"d9b6a53\" data-element_type=\"container\">\n\t\t<div class=\"elementor-element elementor-element-873af10 e-con-full e-flex e-con e-child\" data-id=\"873af10\" data-element_type=\"container\" data-settings=\"{&quot;background_background&quot;:&quot;classic&quot;}\">\n\t\t\t\t<div class=\"elementor-element elementor-element-3d3f5ac elementor-widget elementor-widget-image\" data-id=\"3d3f5ac\" data-element_type=\"widget\" data-widget_type=\"image.default\">\n\t\t\t\t\t\t\t\t\t\t\t\t\t\t\t<img fetchpriority=\"high\" decoding=\"async\" width=\"512\" height=\"512\" src=\"https:\/\/paideiaprestige.com\/wp-content\/uploads\/2025\/07\/13-Icon-Contact.png\" class=\"attachment-large size-large wp-image-104\" alt=\"\" srcset=\"https:\/\/paideiaprestige.com\/wp-content\/uploads\/2025\/07\/13-Icon-Contact.png 512w, https:\/\/paideiaprestige.com\/wp-content\/uploads\/2025\/07\/13-Icon-Contact-300x300.png 300w, https:\/\/paideiaprestige.com\/wp-content\/uploads\/2025\/07\/13-Icon-Contact-150x150.png 150w\" sizes=\"(max-width: 512px) 100vw, 512px\" \/>\t\t\t\t\t\t\t\t\t\t\t\t\t\t\t<\/div>\n\t\t\t\t<\/div>\n\t\t\t\t<div class=\"elementor-element elementor-element-9da22a4 elementor-widget elementor-widget-heading\" data-id=\"9da22a4\" data-element_type=\"widget\" data-widget_type=\"heading.default\">\n\t\t\t\t\t<h5 class=\"elementor-heading-title elementor-size-default\">NYC.MADRID.TEGUCIGALPA.<\/h5>\t\t\t\t<\/div>\n\t\t\t\t<\/div>\n\t\t<div class=\"elementor-element elementor-element-c68de0c e-con-full e-flex e-con e-child\" data-id=\"c68de0c\" data-element_type=\"container\">\n\t\t<div class=\"elementor-element elementor-element-30dd0ed e-con-full e-flex e-con e-child\" data-id=\"30dd0ed\" data-element_type=\"container\" data-settings=\"{&quot;background_background&quot;:&quot;classic&quot;}\">\n\t\t\t\t<div class=\"elementor-element elementor-element-9c5612d elementor-widget elementor-widget-image\" data-id=\"9c5612d\" data-element_type=\"widget\" data-widget_type=\"image.default\">\n\t\t\t\t\t\t\t\t\t\t\t\t\t\t\t<img decoding=\"async\" width=\"512\" height=\"512\" src=\"https:\/\/paideiaprestige.com\/wp-content\/uploads\/2025\/07\/12-Icon-Contact.png\" class=\"attachment-large size-large wp-image-105\" alt=\"\" srcset=\"https:\/\/paideiaprestige.com\/wp-content\/uploads\/2025\/07\/12-Icon-Contact.png 512w, https:\/\/paideiaprestige.com\/wp-content\/uploads\/2025\/07\/12-Icon-Contact-300x300.png 300w, https:\/\/paideiaprestige.com\/wp-content\/uploads\/2025\/07\/12-Icon-Contact-150x150.png 150w\" sizes=\"(max-width: 512px) 100vw, 512px\" \/>\t\t\t\t\t\t\t\t\t\t\t\t\t\t\t<\/div>\n\t\t\t\t<\/div>\n\t\t\t\t<div class=\"elementor-element elementor-element-96dd7e7 elementor-widget elementor-widget-heading\" data-id=\"96dd7e7\" data-element_type=\"widget\" data-widget_type=\"heading.default\">\n\t\t\t\t\t<h5 class=\"elementor-heading-title elementor-size-default\"><a href=\"mailto:info@paideiaprestige.com\">hello@paideiaprestige.com<\/a><\/h5>\t\t\t\t<\/div>\n\t\t\t\t<\/div>\n\t\t<div class=\"elementor-element elementor-element-e6eb85d e-con-full e-flex e-con e-child\" data-id=\"e6eb85d\" data-element_type=\"container\">\n\t\t<div class=\"elementor-element elementor-element-3af8c89 e-con-full e-flex e-con e-child\" data-id=\"3af8c89\" data-element_type=\"container\" data-settings=\"{&quot;background_background&quot;:&quot;classic&quot;}\">\n\t\t\t\t<div class=\"elementor-element elementor-element-3f9c0fc elementor-widget elementor-widget-image\" data-id=\"3f9c0fc\" data-element_type=\"widget\" data-widget_type=\"image.default\">\n\t\t\t\t\t\t\t\t\t\t\t\t\t\t\t<img decoding=\"async\" width=\"512\" height=\"512\" src=\"https:\/\/paideiaprestige.com\/wp-content\/uploads\/2025\/07\/14-Icon-Contact.png\" class=\"attachment-large size-large wp-image-106\" alt=\"\" srcset=\"https:\/\/paideiaprestige.com\/wp-content\/uploads\/2025\/07\/14-Icon-Contact.png 512w, https:\/\/paideiaprestige.com\/wp-content\/uploads\/2025\/07\/14-Icon-Contact-300x300.png 300w, https:\/\/paideiaprestige.com\/wp-content\/uploads\/2025\/07\/14-Icon-Contact-150x150.png 150w\" sizes=\"(max-width: 512px) 100vw, 512px\" \/>\t\t\t\t\t\t\t\t\t\t\t\t\t\t\t<\/div>\n\t\t\t\t<\/div>\n\t\t\t\t<div class=\"elementor-element elementor-element-2542d84 elementor-widget elementor-widget-heading\" data-id=\"2542d84\" data-element_type=\"widget\" data-widget_type=\"heading.default\">\n\t\t\t\t\t<h5 class=\"elementor-heading-title elementor-size-default\"><a href=\"tel:623939944551\">+62 39399 4455 1<\/a><\/h5>\t\t\t\t<\/div>\n\t\t\t\t<\/div>\n\t\t\t\t<\/div>\n\t\t<div class=\"elementor-element elementor-element-528a889 e-con-full e-flex elementor-invisible e-con e-child\" data-id=\"528a889\" data-element_type=\"container\" data-settings=\"{&quot;animation&quot;:&quot;fadeInLeft&quot;,&quot;background_background&quot;:&quot;classic&quot;}\">\n\t\t\t\t<div class=\"elementor-element elementor-element-8fc8fdf elementor-button-align-start elementor-widget elementor-widget-form\" data-id=\"8fc8fdf\" data-element_type=\"widget\" data-settings=\"{&quot;step_next_label&quot;:&quot;Siguiente&quot;,&quot;step_previous_label&quot;:&quot;Anterior&quot;,&quot;button_width&quot;:&quot;100&quot;,&quot;step_type&quot;:&quot;number_text&quot;,&quot;step_icon_shape&quot;:&quot;circle&quot;}\" data-widget_type=\"form.default\">\n\t\t\t\t\t\t\t<form class=\"elementor-form\" method=\"post\" name=\"Formulario de contacto\" aria-label=\"Formulario de contacto\">\n\t\t\t<input type=\"hidden\" name=\"post_id\" value=\"1497\"\/>\n\t\t\t<input type=\"hidden\" name=\"form_id\" value=\"8fc8fdf\"\/>\n\t\t\t<input type=\"hidden\" name=\"referer_title\" value=\"Paideia Prestige\" \/>\n\n\t\t\t\n\t\t\t<div class=\"elementor-form-fields-wrapper elementor-labels-above\">\n\t\t\t\t\t\t\t\t<div class=\"elementor-field-type-text elementor-field-group elementor-column elementor-field-group-name elementor-col-100\">\n\t\t\t\t\t\t\t\t\t\t\t\t<label for=\"form-field-name\" class=\"elementor-field-label\">\n\t\t\t\t\t\t\t\tNombre\t\t\t\t\t\t\t<\/label>\n\t\t\t\t\t\t\t\t\t\t\t\t\t\t<input size=\"1\" type=\"text\" name=\"form_fields[name]\" id=\"form-field-name\" class=\"elementor-field elementor-size-sm  elementor-field-textual\">\n\t\t\t\t\t\t\t\t\t\t\t<\/div>\n\t\t\t\t\t\t\t\t<div class=\"elementor-field-type-email elementor-field-group elementor-column elementor-field-group-field_e3fabfb elementor-col-50 elementor-field-required\">\n\t\t\t\t\t\t\t\t\t\t\t\t<label for=\"form-field-field_e3fabfb\" class=\"elementor-field-label\">\n\t\t\t\t\t\t\t\tCorreo electr\u00f3nico\t\t\t\t\t\t\t<\/label>\n\t\t\t\t\t\t\t\t\t\t\t\t\t\t<input size=\"1\" type=\"email\" name=\"form_fields[field_e3fabfb]\" id=\"form-field-field_e3fabfb\" class=\"elementor-field elementor-size-sm  elementor-field-textual\" required=\"required\">\n\t\t\t\t\t\t\t\t\t\t\t<\/div>\n\t\t\t\t\t\t\t\t<div class=\"elementor-field-type-tel elementor-field-group elementor-column elementor-field-group-email elementor-col-50 elementor-field-required\">\n\t\t\t\t\t\t\t\t\t\t\t\t<label for=\"form-field-email\" class=\"elementor-field-label\">\n\t\t\t\t\t\t\t\tTel\u00e9fono\t\t\t\t\t\t\t<\/label>\n\t\t\t\t\t\t\t\t<input size=\"1\" type=\"tel\" name=\"form_fields[email]\" id=\"form-field-email\" class=\"elementor-field elementor-size-sm  elementor-field-textual\" required=\"required\" pattern=\"[0-9()#&amp;+*-=.]+\" title=\"Solo se aceptan n\u00fameros y caracteres de tel\u00e9fono (#,-,*,etc).\">\n\n\t\t\t\t\t\t<\/div>\n\t\t\t\t\t\t\t\t<div class=\"elementor-field-type-textarea elementor-field-group elementor-column elementor-field-group-message elementor-col-100\">\n\t\t\t\t\t\t\t\t\t\t\t\t<label for=\"form-field-message\" class=\"elementor-field-label\">\n\t\t\t\t\t\t\t\tMensaje\t\t\t\t\t\t\t<\/label>\n\t\t\t\t\t\t<textarea class=\"elementor-field-textual elementor-field  elementor-size-sm\" name=\"form_fields[message]\" id=\"form-field-message\" rows=\"5\"><\/textarea>\t\t\t\t<\/div>\n\t\t\t\t\t\t\t\t<div class=\"elementor-field-type-text\">\n\t\t\t\t\t<input size=\"1\" type=\"text\" name=\"form_fields[field_0f6a639]\" id=\"form-field-field_0f6a639\" class=\"elementor-field elementor-size-sm \" style=\"display:none !important;\">\t\t\t\t<\/div>\n\t\t\t\t\t\t\t\t<div class=\"elementor-field-type-recaptcha elementor-field-group elementor-column elementor-field-group-field_75bc3a5 elementor-col-100\">\n\t\t\t\t\t<div class=\"elementor-field\" id=\"form-field-field_75bc3a5\"><div class=\"elementor-g-recaptcha\" data-sitekey=\"6LdhVMMrAAAAAG38J8lJKF9LPuzu3zPo0WJqoVBP\" data-type=\"v2_checkbox\" data-theme=\"light\" data-size=\"normal\"><\/div><\/div>\t\t\t\t<\/div>\n\t\t\t\t\t\t\t\t<div class=\"elementor-field-group elementor-column elementor-field-type-submit elementor-col-100 e-form__buttons\">\n\t\t\t\t\t<button class=\"elementor-button elementor-size-sm\" type=\"submit\">\n\t\t\t\t\t\t<span class=\"elementor-button-content-wrapper\">\n\t\t\t\t\t\t\t\t\t\t\t\t\t\t\t\t\t\t\t\t\t\t<span class=\"elementor-button-text\">Enviar<\/span>\n\t\t\t\t\t\t\t\t\t\t\t\t\t<\/span>\n\t\t\t\t\t<\/button>\n\t\t\t\t<\/div>\n\t\t\t<\/div>\n\t\t<\/form>\n\t\t\t\t\t\t<\/div>\n\t\t\t\t<\/div>\n\t\t\t\t<\/div>\n\t\t\t\t\t<\/div>\n\t\t\t\t<\/div>\n\t\t\t\t<\/div>\n\t\t","protected":false},"excerpt":{"rendered":"<p>Cont\u00e1ctenos \u00bfTienes preguntas o necesitas orientaci\u00f3n con el proceso de admisi\u00f3n universitaria? Cont\u00e1ctanos y hagamos que tu experiencia de solicitud sea fluida y sin estr\u00e9s. NYC.MADRID.TEGUCIGALPA. hello@paideiaprestige.com +62 39399 4455 1<\/p>\n","protected":false},"author":1,"featured_media":0,"parent":0,"menu_order":0,"comment_status":"closed","ping_status":"closed","template":"","meta":{"two_page_speed":[],"footnotes":""},"class_list":["post-1497","page","type-page","status-publish","hentry"],"yoast_head":"<!-- This site is optimized with the Yoast SEO plugin v26.2 - https:\/\/yoast.com\/wordpress\/plugins\/seo\/ -->\n<title>Cont\u00e1ctenos - Paideia Prestige<\/title>\n<meta name=\"robots\" content=\"index, follow, max-snippet:-1, max-image-preview:large, max-video-preview:-1\" \/>\n<link rel=\"canonical\" href=\"https:\/\/paideiaprestige.com\/es\/contactenos\/\" \/>\n<meta property=\"og:locale\" content=\"es_ES\" \/>\n<meta property=\"og:type\" content=\"article\" \/>\n<meta property=\"og:title\" content=\"Cont\u00e1ctenos - Paideia Prestige\" \/>\n<meta property=\"og:description\" content=\"Cont\u00e1ctenos \u00bfTienes preguntas o necesitas orientaci\u00f3n con el proceso de admisi\u00f3n universitaria? Cont\u00e1ctanos y hagamos que tu experiencia de solicitud sea fluida y sin estr\u00e9s. NYC.MADRID.TEGUCIGALPA. hello@paideiaprestige.com +62 39399 4455 1\" \/>\n<meta property=\"og:url\" content=\"https:\/\/paideiaprestige.com\/es\/contactenos\/\" \/>\n<meta property=\"og:site_name\" content=\"Paideia Prestige\" \/>\n<meta property=\"article:modified_time\" content=\"2025-09-18T11:38:33+00:00\" \/>\n<meta property=\"og:image\" content=\"https:\/\/paideiaprestige.com\/wp-content\/uploads\/2025\/07\/13-Icon-Contact.png\" \/>\n\t<meta property=\"og:image:width\" content=\"512\" \/>\n\t<meta property=\"og:image:height\" content=\"512\" \/>\n\t<meta property=\"og:image:type\" content=\"image\/png\" \/>\n<meta name=\"twitter:card\" content=\"summary_large_image\" \/>\n<script type=\"application\/ld+json\" class=\"yoast-schema-graph\">{\"@context\":\"https:\/\/schema.org\",\"@graph\":[{\"@type\":\"WebPage\",\"@id\":\"https:\/\/paideiaprestige.com\/es\/contactenos\/\",\"url\":\"https:\/\/paideiaprestige.com\/es\/contactenos\/\",\"name\":\"Cont\u00e1ctenos - Paideia Prestige\",\"isPartOf\":{\"@id\":\"https:\/\/paideiaprestige.com\/#website\"},\"primaryImageOfPage\":{\"@id\":\"https:\/\/paideiaprestige.com\/es\/contactenos\/#primaryimage\"},\"image\":{\"@id\":\"https:\/\/paideiaprestige.com\/es\/contactenos\/#primaryimage\"},\"thumbnailUrl\":\"https:\/\/paideiaprestige.com\/wp-content\/uploads\/2025\/07\/13-Icon-Contact.png\",\"datePublished\":\"2025-07-24T10:12:54+00:00\",\"dateModified\":\"2025-09-18T11:38:33+00:00\",\"breadcrumb\":{\"@id\":\"https:\/\/paideiaprestige.com\/es\/contactenos\/#breadcrumb\"},\"inLanguage\":\"es\",\"potentialAction\":[{\"@type\":\"ReadAction\",\"target\":[\"https:\/\/paideiaprestige.com\/es\/contactenos\/\"]}]},{\"@type\":\"ImageObject\",\"inLanguage\":\"es\",\"@id\":\"https:\/\/paideiaprestige.com\/es\/contactenos\/#primaryimage\",\"url\":\"https:\/\/paideiaprestige.com\/wp-content\/uploads\/2025\/07\/13-Icon-Contact.png\",\"contentUrl\":\"https:\/\/paideiaprestige.com\/wp-content\/uploads\/2025\/07\/13-Icon-Contact.png\"},{\"@type\":\"BreadcrumbList\",\"@id\":\"https:\/\/paideiaprestige.com\/es\/contactenos\/#breadcrumb\",\"itemListElement\":[{\"@type\":\"ListItem\",\"position\":1,\"name\":\"Home\",\"item\":\"https:\/\/paideiaprestige.com\/\"},{\"@type\":\"ListItem\",\"position\":2,\"name\":\"Cont\u00e1ctenos\"}]},{\"@type\":\"WebSite\",\"@id\":\"https:\/\/paideiaprestige.com\/#website\",\"url\":\"https:\/\/paideiaprestige.com\/\",\"name\":\"Paideia Prestige\",\"description\":\"\",\"publisher\":{\"@id\":\"https:\/\/paideiaprestige.com\/#organization\"},\"potentialAction\":[{\"@type\":\"SearchAction\",\"target\":{\"@type\":\"EntryPoint\",\"urlTemplate\":\"https:\/\/paideiaprestige.com\/?s={search_term_string}\"},\"query-input\":{\"@type\":\"PropertyValueSpecification\",\"valueRequired\":true,\"valueName\":\"search_term_string\"}}],\"inLanguage\":\"es\"},{\"@type\":\"Organization\",\"@id\":\"https:\/\/paideiaprestige.com\/#organization\",\"name\":\"Paideia Prestige\",\"url\":\"https:\/\/paideiaprestige.com\/\",\"logo\":{\"@type\":\"ImageObject\",\"inLanguage\":\"es\",\"@id\":\"https:\/\/paideiaprestige.com\/#\/schema\/logo\/image\/\",\"url\":\"https:\/\/paideiaprestige.com\/wp-content\/uploads\/2025\/07\/Recurso-375@300x-1-scaled.png\",\"contentUrl\":\"https:\/\/paideiaprestige.com\/wp-content\/uploads\/2025\/07\/Recurso-375@300x-1-scaled.png\",\"width\":2560,\"height\":1026,\"caption\":\"Paideia Prestige\"},\"image\":{\"@id\":\"https:\/\/paideiaprestige.com\/#\/schema\/logo\/image\/\"},\"sameAs\":[\"https:\/\/www.instagram.com\/paideiaprestige\/\",\"https:\/\/www.tiktok.com\/@paideia.prestige\"]}]}<\/script>\n<!-- \/ Yoast SEO plugin. -->","yoast_head_json":{"title":"Cont\u00e1ctenos - Paideia Prestige","robots":{"index":"index","follow":"follow","max-snippet":"max-snippet:-1","max-image-preview":"max-image-preview:large","max-video-preview":"max-video-preview:-1"},"canonical":"https:\/\/paideiaprestige.com\/es\/contactenos\/","og_locale":"es_ES","og_type":"article","og_title":"Cont\u00e1ctenos - Paideia Prestige","og_description":"Cont\u00e1ctenos \u00bfTienes preguntas o necesitas orientaci\u00f3n con el proceso de admisi\u00f3n universitaria? Cont\u00e1ctanos y hagamos que tu experiencia de solicitud sea fluida y sin estr\u00e9s. NYC.MADRID.TEGUCIGALPA. hello@paideiaprestige.com +62 39399 4455 1","og_url":"https:\/\/paideiaprestige.com\/es\/contactenos\/","og_site_name":"Paideia Prestige","article_modified_time":"2025-09-18T11:38:33+00:00","og_image":[{"width":512,"height":512,"url":"https:\/\/paideiaprestige.com\/wp-content\/uploads\/2025\/07\/13-Icon-Contact.png","type":"image\/png"}],"twitter_card":"summary_large_image","schema":{"@context":"https:\/\/schema.org","@graph":[{"@type":"WebPage","@id":"https:\/\/paideiaprestige.com\/es\/contactenos\/","url":"https:\/\/paideiaprestige.com\/es\/contactenos\/","name":"Cont\u00e1ctenos - Paideia Prestige","isPartOf":{"@id":"https:\/\/paideiaprestige.com\/#website"},"primaryImageOfPage":{"@id":"https:\/\/paideiaprestige.com\/es\/contactenos\/#primaryimage"},"image":{"@id":"https:\/\/paideiaprestige.com\/es\/contactenos\/#primaryimage"},"thumbnailUrl":"https:\/\/paideiaprestige.com\/wp-content\/uploads\/2025\/07\/13-Icon-Contact.png","datePublished":"2025-07-24T10:12:54+00:00","dateModified":"2025-09-18T11:38:33+00:00","breadcrumb":{"@id":"https:\/\/paideiaprestige.com\/es\/contactenos\/#breadcrumb"},"inLanguage":"es","potentialAction":[{"@type":"ReadAction","target":["https:\/\/paideiaprestige.com\/es\/contactenos\/"]}]},{"@type":"ImageObject","inLanguage":"es","@id":"https:\/\/paideiaprestige.com\/es\/contactenos\/#primaryimage","url":"https:\/\/paideiaprestige.com\/wp-content\/uploads\/2025\/07\/13-Icon-Contact.png","contentUrl":"https:\/\/paideiaprestige.com\/wp-content\/uploads\/2025\/07\/13-Icon-Contact.png"},{"@type":"BreadcrumbList","@id":"https:\/\/paideiaprestige.com\/es\/contactenos\/#breadcrumb","itemListElement":[{"@type":"ListItem","position":1,"name":"Home","item":"https:\/\/paideiaprestige.com\/"},{"@type":"ListItem","position":2,"name":"Cont\u00e1ctenos"}]},{"@type":"WebSite","@id":"https:\/\/paideiaprestige.com\/#website","url":"https:\/\/paideiaprestige.com\/","name":"Paideia Prestige","description":"","publisher":{"@id":"https:\/\/paideiaprestige.com\/#organization"},"potentialAction":[{"@type":"SearchAction","target":{"@type":"EntryPoint","urlTemplate":"https:\/\/paideiaprestige.com\/?s={search_term_string}"},"query-input":{"@type":"PropertyValueSpecification","valueRequired":true,"valueName":"search_term_string"}}],"inLanguage":"es"},{"@type":"Organization","@id":"https:\/\/paideiaprestige.com\/#organization","name":"Paideia Prestige","url":"https:\/\/paideiaprestige.com\/","logo":{"@type":"ImageObject","inLanguage":"es","@id":"https:\/\/paideiaprestige.com\/#\/schema\/logo\/image\/","url":"https:\/\/paideiaprestige.com\/wp-content\/uploads\/2025\/07\/Recurso-375@300x-1-scaled.png","contentUrl":"https:\/\/paideiaprestige.com\/wp-content\/uploads\/2025\/07\/Recurso-375@300x-1-scaled.png","width":2560,"height":1026,"caption":"Paideia Prestige"},"image":{"@id":"https:\/\/paideiaprestige.com\/#\/schema\/logo\/image\/"},"sameAs":["https:\/\/www.instagram.com\/paideiaprestige\/","https:\/\/www.tiktok.com\/@paideia.prestige"]}]}},"_links":{"self":[{"href":"https:\/\/paideiaprestige.com\/es\/wp-json\/wp\/v2\/pages\/1497","targetHints":{"allow":["GET"]}}],"collection":[{"href":"https:\/\/paideiaprestige.com\/es\/wp-json\/wp\/v2\/pages"}],"about":[{"href":"https:\/\/paideiaprestige.com\/es\/wp-json\/wp\/v2\/types\/page"}],"author":[{"embeddable":true,"href":"https:\/\/paideiaprestige.com\/es\/wp-json\/wp\/v2\/users\/1"}],"replies":[{"embeddable":true,"href":"https:\/\/paideiaprestige.com\/es\/wp-json\/wp\/v2\/comments?post=1497"}],"version-history":[{"count":2,"href":"https:\/\/paideiaprestige.com\/es\/wp-json\/wp\/v2\/pages\/1497\/revisions"}],"predecessor-version":[{"id":1768,"href":"https:\/\/paideiaprestige.com\/es\/wp-json\/wp\/v2\/pages\/1497\/revisions\/1768"}],"wp:attachment":[{"href":"https:\/\/paideiaprestige.com\/es\/wp-json\/wp\/v2\/media?parent=1497"}],"curies":[{"name":"wp","href":"https:\/\/api.w.org\/{rel}","templated":true}]}}