{"id":1512,"date":"2025-09-01T13:29:24","date_gmt":"2025-09-01T13:29:24","guid":{"rendered":"https:\/\/paideiaprestige.com\/politica-de-privacidad\/"},"modified":"2025-09-25T18:07:44","modified_gmt":"2025-09-25T18:07:44","slug":"politica-de-privacidad","status":"publish","type":"page","link":"https:\/\/paideiaprestige.com\/es\/politica-de-privacidad\/","title":{"rendered":"Pol\u00edtica de privacidad"},"content":{"rendered":"\t\t<div data-elementor-type=\"wp-page\" data-elementor-id=\"1512\" class=\"elementor elementor-1512 elementor-1297\" data-elementor-post-type=\"page\">\n\t\t\t\t<div class=\"elementor-element elementor-element-9dfd215 e-flex e-con-boxed e-con e-parent\" data-id=\"9dfd215\" data-element_type=\"container\" data-settings=\"{&quot;background_background&quot;:&quot;classic&quot;}\">\n\t\t\t\t\t<div class=\"e-con-inner\">\n\t\t<div class=\"elementor-element elementor-element-9936df6 e-con-full e-flex e-con e-child\" data-id=\"9936df6\" data-element_type=\"container\">\n\t\t<div class=\"elementor-element elementor-element-9e7a153 e-con-full e-flex elementor-invisible e-con e-child\" data-id=\"9e7a153\" data-element_type=\"container\" data-settings=\"{&quot;animation&quot;:&quot;fadeInUp&quot;}\">\n\t\t\t\t<div class=\"elementor-element elementor-element-4c81d89 elementor-widget elementor-widget-heading\" data-id=\"4c81d89\" data-element_type=\"widget\" data-widget_type=\"heading.default\">\n\t\t\t\t\t<h2 class=\"elementor-heading-title elementor-size-default\">Pol\u00edtica de privacidad<\/h2>\t\t\t\t<\/div>\n\t\t\t\t<\/div>\n\t\t\t\t<\/div>\n\t\t\t\t\t<\/div>\n\t\t\t\t<\/div>\n\t\t<div class=\"elementor-element elementor-element-f47b344 e-flex e-con-boxed e-con e-parent\" data-id=\"f47b344\" data-element_type=\"container\" data-settings=\"{&quot;background_background&quot;:&quot;classic&quot;}\">\n\t\t\t\t\t<div class=\"e-con-inner\">\n\t\t<div class=\"elementor-element elementor-element-9bd1780 e-con-full e-flex e-con e-child\" data-id=\"9bd1780\" data-element_type=\"container\">\n\t\t\t\t<div class=\"elementor-element elementor-element-30b21a1 elementor-widget elementor-widget-heading\" data-id=\"30b21a1\" data-element_type=\"widget\" data-widget_type=\"heading.default\">\n\t\t\t\t\t<h2 class=\"elementor-heading-title elementor-size-default\">Pol\u00edtica de privacidad, protecci\u00f3n de datos y exenci\u00f3n de responsabilidad del servicio<\/h2>\t\t\t\t<\/div>\n\t\t\t\t<div class=\"elementor-element elementor-element-87e7f4f elementor-widget elementor-widget-text-editor\" data-id=\"87e7f4f\" data-element_type=\"widget\" data-widget_type=\"text-editor.default\">\n\t\t\t\t\t\t\t\t\t<p><i><span style=\"font-weight: 400;\">(Fecha de entrada en vigor: septiembre de 2025)<\/span><\/i><\/p><h4><b>Introducci\u00f3n<\/b><\/h4><p><span style=\"font-weight: 400;\">Paideia Prestige (\u00abnosotros\u00bb, \u00abnuestro\/a\/os\/as\u00bb, \u00abnos\u00bb) se compromete a proteger su privacidad y a gestionar sus datos personales con la m\u00e1xima diligencia, seguridad e integridad. Reconocemos la confidencialidad de la informaci\u00f3n personal y sanitaria que se comparte durante el proceso de asesoramiento y cumplimos con las normas estadounidenses e internacionales pertinentes, incluidas las medidas de seguridad similares a la HIPAA y el Reglamento General de Protecci\u00f3n de Datos (RGPD) de la UE. <\/span><\/p><p><span style=\"font-weight: 400;\">Al contratar nuestros servicios, usted reconoce y acepta los t\u00e9rminos que se describen a continuaci\u00f3n.<\/span><\/p><h4><b>Medidas de seguridad estilo HIPAA (U.S.)<\/b><\/h4><ul><li style=\"font-weight: 400;\" aria-level=\"1\"><span style=\"font-weight: 400;\">Las familias pueden revelar voluntariamente informaci\u00f3n confidencial sobre salud, aprendizaje o alojamiento para respaldar el asesoramiento de admisi\u00f3n.<\/span><\/li><li style=\"font-weight: 400;\" aria-level=\"1\"><span style=\"font-weight: 400;\">Dicha informaci\u00f3n se trata<\/span> <b>como informaci\u00f3n confidencial relacionada<\/b> <span style=\"font-weight: 400;\">con la salud y se protege de acuerdo con los principios de HIPAA.<\/span><\/li><li style=\"font-weight: 400;\" aria-level=\"1\"><span style=\"font-weight: 400;\">No compartimos informaci\u00f3n relacionada con la salud con colegios, universidades o terceros sin el consentimiento expl\u00edcito por escrito.<\/span><\/li><li style=\"font-weight: 400;\" aria-level=\"1\"><span style=\"font-weight: 400;\">Es posible que se les pida a las familias que firmen<\/span> <b>formularios de autorizaci\u00f3n.<\/b><span style=\"font-weight: 400;\"> Autoriza a Paideia Prestige a acceder, usar o almacenar dicha informaci\u00f3n. Estas autorizaciones solo se requieren cuando es necesario para brindar asesoramiento y se utilizan exclusivamente para ese fin. <\/span><\/li><li style=\"font-weight: 400;\" aria-level=\"1\"><span style=\"font-weight: 400;\">Las comunicaciones electr\u00f3nicas (por ejemplo, correo electr\u00f3nico, portales de asesoramiento) est\u00e1n protegidas seg\u00fan los est\u00e1ndares de la industria, aunque las familias deben tener en cuenta que no se puede garantizar la confidencialidad absoluta a trav\u00e9s del correo electr\u00f3nico est\u00e1ndar.<\/span><\/li><\/ul><h4><b>Cumplimiento del RGPD (EU)<\/b><\/h4><p><span style=\"font-weight: 400;\">Para los clientes que residen en la Uni\u00f3n Europea, cumplimos con los requisitos del RGPD, incluidos:<\/span><\/p><ul><li style=\"font-weight: 400;\" aria-level=\"1\"><span style=\"font-weight: 400;\">Los datos se procesan de manera legal, justa y transparente.<\/span><\/li><li style=\"font-weight: 400;\" aria-level=\"1\"><span style=\"font-weight: 400;\">Los datos personales se recopilan \u00fanicamente para fines espec\u00edficos y leg\u00edtimos.<\/span><\/li><li style=\"font-weight: 400;\" aria-level=\"1\"><span style=\"font-weight: 400;\">Families have the right to access, correct, or request deletion of their data (\u201cright to be forgotten\u201d).<\/span><\/li><li style=\"font-weight: 400;\" aria-level=\"1\"><span style=\"font-weight: 400;\">Las transferencias de datos fuera de la EU se gestionan a trav\u00e9s de proveedores externos (por ejemplo, Google, Calendly, College Planner Pro) con las garant\u00edas adecuadas.<\/span><\/li><\/ul><h4><b>Datos que recopilamos<\/b><\/h4><ul><li style=\"font-weight: 400;\" aria-level=\"1\"><b>Calendly <\/b><span style=\"font-weight: 400;\">\u2192 Datos de contacto para programaci\u00f3n.<\/span><\/li><li style=\"font-weight: 400;\" aria-level=\"1\"><b>Formularios de Google <\/b><span style=\"font-weight: 400;\">\u2192 Informaci\u00f3n acad\u00e9mica\/personal proporcionada voluntariamente.<\/span><\/li><li style=\"font-weight: 400;\" aria-level=\"1\"><b>Correo electr\u00f3nico\/Contacto directo <\/b><span style=\"font-weight: 400;\">\u2192 Informaci\u00f3n compartida en la correspondencia.<\/span><\/li><li style=\"font-weight: 400;\" aria-level=\"1\"><b>Cookies<\/b> <span style=\"font-weight: 400;\">\u2192 Datos de navegaci\u00f3n para mejorar la funcionalidad del sitio.<\/span><\/li><li style=\"font-weight: 400;\" aria-level=\"1\"><b>College Planner Pro \/ Companion <\/b><span style=\"font-weight: 400;\">\u2192 Portal de asesoramiento para gestionar solicitudes, plazos y recursos.<\/span><\/li><\/ul><h4><b>C\u00f3mo utilizamos los datos<\/b><\/h4><ul><li style=\"font-weight: 400;\" aria-level=\"1\"><span style=\"font-weight: 400;\">Para programar y gestionar sesiones<\/span><\/li><li style=\"font-weight: 400;\" aria-level=\"1\"><span style=\"font-weight: 400;\">Para personalizar el asesoramiento y proporcionar recursos<\/span><\/li><li style=\"font-weight: 400;\" aria-level=\"1\"><span style=\"font-weight: 400;\">Entregar seguimientos y materiales del programa.<\/span><\/li><li style=\"font-weight: 400;\" aria-level=\"1\"><span style=\"font-weight: 400;\">Para mejorar los servicios internamente<\/span><\/li><\/ul><p><span style=\"font-weight: 400;\">No vendemos,<\/span> <b>intercambiamos <\/b><span style=\"font-weight: 400;\">ni compartimos datos personales con terceros.<\/span><\/p><p> <\/p><h4><b>Tus derechos<\/b><\/h4><ul><li style=\"font-weight: 400;\" aria-level=\"1\"><b>Derechos estilo HIPAA <\/b><span style=\"font-weight: 400;\">\u2192 Tratamiento confidencial de datos relacionados con la salud; se requiere consentimiento expl\u00edcito antes de compartirlos.<\/span><\/li><li style=\"font-weight: 400;\" aria-level=\"1\"><b>Derechos GDPR <\/b><span style=\"font-weight: 400;\">\u2192 Acceso, correcci\u00f3n, eliminaci\u00f3n, restricci\u00f3n de procesamiento y revocaci\u00f3n del consentimiento en cualquier momento.<\/span><\/li><\/ul><p><span style=\"font-weight: 400;\">Las solicitudes pueden enviarse a: \ud83d\udce7<\/span> <b>hello@paideiaprestige.com<\/b><\/p><h4><b>Seguridad y retenci\u00f3n de datos<\/b><\/h4><ul><li style=\"font-weight: 400;\" aria-level=\"1\"><span style=\"font-weight: 400;\">Se utilizan medidas de seguridad est\u00e1ndar de la industria.<\/span><\/li><li style=\"font-weight: 400;\" aria-level=\"1\"><span style=\"font-weight: 400;\">Los datos se conservan \u00fanicamente el tiempo necesario para el asesoramiento o para cumplir obligaciones legales.<\/span><\/li><li style=\"font-weight: 400;\" aria-level=\"1\"><span style=\"font-weight: 400;\">La informaci\u00f3n sanitaria confidencial se elimina cuando ya no es relevante.<\/span><\/li><\/ul><h4><b>Datos de los ni\u00f1os<\/b><\/h4><p><span style=\"font-weight: 400;\">La informaci\u00f3n de los estudiantes se recopila \u00fanicamente con el consentimiento de los padres o tutores para fines de asesoramiento.<\/span><\/p><h4><b>Actualizaciones de pol\u00edticas<\/b><\/h4><p><span style=\"font-weight: 400;\">Es posible que actualicemos esta pol\u00edtica peri\u00f3dicamente. Los cambios se publicar\u00e1n con una fecha de entrada en vigor revisada. <\/span><\/p><h4><b>Contacto<\/b><\/h4><p><span style=\"font-weight: 400;\">Para consultas sobre HIPAA\/RGPD o privacidad<\/span><span style=\"font-weight: 400;\">:<\/span><br><span style=\"font-weight: 400;\">\ud83d\udce7<\/span><b> hello@paideiaprestige.com<\/b><\/p>\t\t\t\t\t\t\t\t<\/div>\n\t\t\t\t<\/div>\n\t\t\t\t\t<\/div>\n\t\t\t\t<\/div>\n\t\t\t\t<\/div>\n\t\t","protected":false},"excerpt":{"rendered":"<p>Pol\u00edtica de privacidad Pol\u00edtica de privacidad, protecci\u00f3n de datos y exenci\u00f3n de responsabilidad del servicio (Fecha de entrada en vigor: septiembre de 2025) Introducci\u00f3n Paideia Prestige (\u00abnosotros\u00bb, \u00abnuestro\/a\/os\/as\u00bb, \u00abnos\u00bb) se compromete a proteger su privacidad y a gestionar sus datos personales con la m\u00e1xima diligencia, seguridad e integridad. Reconocemos la confidencialidad de la informaci\u00f3n personal [&hellip;]<\/p>\n","protected":false},"author":1,"featured_media":0,"parent":0,"menu_order":0,"comment_status":"closed","ping_status":"closed","template":"","meta":{"two_page_speed":[],"footnotes":""},"class_list":["post-1512","page","type-page","status-publish","hentry"],"yoast_head":"<!-- This site is optimized with the Yoast SEO plugin v26.2 - https:\/\/yoast.com\/wordpress\/plugins\/seo\/ -->\n<title>Pol\u00edtica de privacidad - Paideia Prestige<\/title>\n<meta name=\"robots\" content=\"index, follow, max-snippet:-1, max-image-preview:large, max-video-preview:-1\" \/>\n<link rel=\"canonical\" href=\"https:\/\/paideiaprestige.com\/es\/politica-de-privacidad\/\" \/>\n<meta property=\"og:locale\" content=\"es_ES\" \/>\n<meta property=\"og:type\" content=\"article\" \/>\n<meta property=\"og:title\" content=\"Pol\u00edtica de privacidad - Paideia Prestige\" \/>\n<meta property=\"og:description\" content=\"Pol\u00edtica de privacidad Pol\u00edtica de privacidad, protecci\u00f3n de datos y exenci\u00f3n de responsabilidad del servicio (Fecha de entrada en vigor: septiembre de 2025) Introducci\u00f3n Paideia Prestige (\u00abnosotros\u00bb, \u00abnuestro\/a\/os\/as\u00bb, \u00abnos\u00bb) se compromete a proteger su privacidad y a gestionar sus datos personales con la m\u00e1xima diligencia, seguridad e integridad. Reconocemos la confidencialidad de la informaci\u00f3n personal [&hellip;]\" \/>\n<meta property=\"og:url\" content=\"https:\/\/paideiaprestige.com\/es\/politica-de-privacidad\/\" \/>\n<meta property=\"og:site_name\" content=\"Paideia Prestige\" \/>\n<meta property=\"article:modified_time\" content=\"2025-09-25T18:07:44+00:00\" \/>\n<meta name=\"twitter:card\" content=\"summary_large_image\" \/>\n<meta name=\"twitter:label1\" content=\"Tiempo de lectura\" \/>\n\t<meta name=\"twitter:data1\" content=\"3 minutos\" \/>\n<script type=\"application\/ld+json\" class=\"yoast-schema-graph\">{\"@context\":\"https:\/\/schema.org\",\"@graph\":[{\"@type\":\"WebPage\",\"@id\":\"https:\/\/paideiaprestige.com\/es\/politica-de-privacidad\/\",\"url\":\"https:\/\/paideiaprestige.com\/es\/politica-de-privacidad\/\",\"name\":\"Pol\u00edtica de privacidad - Paideia Prestige\",\"isPartOf\":{\"@id\":\"https:\/\/paideiaprestige.com\/#website\"},\"datePublished\":\"2025-09-01T13:29:24+00:00\",\"dateModified\":\"2025-09-25T18:07:44+00:00\",\"breadcrumb\":{\"@id\":\"https:\/\/paideiaprestige.com\/es\/politica-de-privacidad\/#breadcrumb\"},\"inLanguage\":\"es\",\"potentialAction\":[{\"@type\":\"ReadAction\",\"target\":[\"https:\/\/paideiaprestige.com\/es\/politica-de-privacidad\/\"]}]},{\"@type\":\"BreadcrumbList\",\"@id\":\"https:\/\/paideiaprestige.com\/es\/politica-de-privacidad\/#breadcrumb\",\"itemListElement\":[{\"@type\":\"ListItem\",\"position\":1,\"name\":\"Home\",\"item\":\"https:\/\/paideiaprestige.com\/\"},{\"@type\":\"ListItem\",\"position\":2,\"name\":\"Pol\u00edtica de privacidad\"}]},{\"@type\":\"WebSite\",\"@id\":\"https:\/\/paideiaprestige.com\/#website\",\"url\":\"https:\/\/paideiaprestige.com\/\",\"name\":\"Paideia Prestige\",\"description\":\"\",\"publisher\":{\"@id\":\"https:\/\/paideiaprestige.com\/#organization\"},\"potentialAction\":[{\"@type\":\"SearchAction\",\"target\":{\"@type\":\"EntryPoint\",\"urlTemplate\":\"https:\/\/paideiaprestige.com\/?s={search_term_string}\"},\"query-input\":{\"@type\":\"PropertyValueSpecification\",\"valueRequired\":true,\"valueName\":\"search_term_string\"}}],\"inLanguage\":\"es\"},{\"@type\":\"Organization\",\"@id\":\"https:\/\/paideiaprestige.com\/#organization\",\"name\":\"Paideia Prestige\",\"url\":\"https:\/\/paideiaprestige.com\/\",\"logo\":{\"@type\":\"ImageObject\",\"inLanguage\":\"es\",\"@id\":\"https:\/\/paideiaprestige.com\/#\/schema\/logo\/image\/\",\"url\":\"https:\/\/paideiaprestige.com\/wp-content\/uploads\/2025\/07\/Recurso-375@300x-1-scaled.png\",\"contentUrl\":\"https:\/\/paideiaprestige.com\/wp-content\/uploads\/2025\/07\/Recurso-375@300x-1-scaled.png\",\"width\":2560,\"height\":1026,\"caption\":\"Paideia Prestige\"},\"image\":{\"@id\":\"https:\/\/paideiaprestige.com\/#\/schema\/logo\/image\/\"},\"sameAs\":[\"https:\/\/www.instagram.com\/paideiaprestige\/\",\"https:\/\/www.tiktok.com\/@paideia.prestige\"]}]}<\/script>\n<!-- \/ Yoast SEO plugin. -->","yoast_head_json":{"title":"Pol\u00edtica de privacidad - Paideia Prestige","robots":{"index":"index","follow":"follow","max-snippet":"max-snippet:-1","max-image-preview":"max-image-preview:large","max-video-preview":"max-video-preview:-1"},"canonical":"https:\/\/paideiaprestige.com\/es\/politica-de-privacidad\/","og_locale":"es_ES","og_type":"article","og_title":"Pol\u00edtica de privacidad - Paideia Prestige","og_description":"Pol\u00edtica de privacidad Pol\u00edtica de privacidad, protecci\u00f3n de datos y exenci\u00f3n de responsabilidad del servicio (Fecha de entrada en vigor: septiembre de 2025) Introducci\u00f3n Paideia Prestige (\u00abnosotros\u00bb, \u00abnuestro\/a\/os\/as\u00bb, \u00abnos\u00bb) se compromete a proteger su privacidad y a gestionar sus datos personales con la m\u00e1xima diligencia, seguridad e integridad. Reconocemos la confidencialidad de la informaci\u00f3n personal [&hellip;]","og_url":"https:\/\/paideiaprestige.com\/es\/politica-de-privacidad\/","og_site_name":"Paideia Prestige","article_modified_time":"2025-09-25T18:07:44+00:00","twitter_card":"summary_large_image","twitter_misc":{"Tiempo de lectura":"3 minutos"},"schema":{"@context":"https:\/\/schema.org","@graph":[{"@type":"WebPage","@id":"https:\/\/paideiaprestige.com\/es\/politica-de-privacidad\/","url":"https:\/\/paideiaprestige.com\/es\/politica-de-privacidad\/","name":"Pol\u00edtica de privacidad - Paideia Prestige","isPartOf":{"@id":"https:\/\/paideiaprestige.com\/#website"},"datePublished":"2025-09-01T13:29:24+00:00","dateModified":"2025-09-25T18:07:44+00:00","breadcrumb":{"@id":"https:\/\/paideiaprestige.com\/es\/politica-de-privacidad\/#breadcrumb"},"inLanguage":"es","potentialAction":[{"@type":"ReadAction","target":["https:\/\/paideiaprestige.com\/es\/politica-de-privacidad\/"]}]},{"@type":"BreadcrumbList","@id":"https:\/\/paideiaprestige.com\/es\/politica-de-privacidad\/#breadcrumb","itemListElement":[{"@type":"ListItem","position":1,"name":"Home","item":"https:\/\/paideiaprestige.com\/"},{"@type":"ListItem","position":2,"name":"Pol\u00edtica de privacidad"}]},{"@type":"WebSite","@id":"https:\/\/paideiaprestige.com\/#website","url":"https:\/\/paideiaprestige.com\/","name":"Paideia Prestige","description":"","publisher":{"@id":"https:\/\/paideiaprestige.com\/#organization"},"potentialAction":[{"@type":"SearchAction","target":{"@type":"EntryPoint","urlTemplate":"https:\/\/paideiaprestige.com\/?s={search_term_string}"},"query-input":{"@type":"PropertyValueSpecification","valueRequired":true,"valueName":"search_term_string"}}],"inLanguage":"es"},{"@type":"Organization","@id":"https:\/\/paideiaprestige.com\/#organization","name":"Paideia Prestige","url":"https:\/\/paideiaprestige.com\/","logo":{"@type":"ImageObject","inLanguage":"es","@id":"https:\/\/paideiaprestige.com\/#\/schema\/logo\/image\/","url":"https:\/\/paideiaprestige.com\/wp-content\/uploads\/2025\/07\/Recurso-375@300x-1-scaled.png","contentUrl":"https:\/\/paideiaprestige.com\/wp-content\/uploads\/2025\/07\/Recurso-375@300x-1-scaled.png","width":2560,"height":1026,"caption":"Paideia Prestige"},"image":{"@id":"https:\/\/paideiaprestige.com\/#\/schema\/logo\/image\/"},"sameAs":["https:\/\/www.instagram.com\/paideiaprestige\/","https:\/\/www.tiktok.com\/@paideia.prestige"]}]}},"_links":{"self":[{"href":"https:\/\/paideiaprestige.com\/es\/wp-json\/wp\/v2\/pages\/1512","targetHints":{"allow":["GET"]}}],"collection":[{"href":"https:\/\/paideiaprestige.com\/es\/wp-json\/wp\/v2\/pages"}],"about":[{"href":"https:\/\/paideiaprestige.com\/es\/wp-json\/wp\/v2\/types\/page"}],"author":[{"embeddable":true,"href":"https:\/\/paideiaprestige.com\/es\/wp-json\/wp\/v2\/users\/1"}],"replies":[{"embeddable":true,"href":"https:\/\/paideiaprestige.com\/es\/wp-json\/wp\/v2\/comments?post=1512"}],"version-history":[{"count":2,"href":"https:\/\/paideiaprestige.com\/es\/wp-json\/wp\/v2\/pages\/1512\/revisions"}],"predecessor-version":[{"id":1889,"href":"https:\/\/paideiaprestige.com\/es\/wp-json\/wp\/v2\/pages\/1512\/revisions\/1889"}],"wp:attachment":[{"href":"https:\/\/paideiaprestige.com\/es\/wp-json\/wp\/v2\/media?parent=1512"}],"curies":[{"name":"wp","href":"https:\/\/api.w.org\/{rel}","templated":true}]}}