{"id":1882,"date":"2025-09-24T11:04:15","date_gmt":"2025-09-24T11:04:15","guid":{"rendered":"https:\/\/paideiaprestige.com\/terminos-de-servicio\/"},"modified":"2025-09-25T18:06:59","modified_gmt":"2025-09-25T18:06:59","slug":"terminos-de-servicio","status":"publish","type":"page","link":"https:\/\/paideiaprestige.com\/es\/terminos-de-servicio\/","title":{"rendered":"T\u00e9rminos de servicio"},"content":{"rendered":"\t\t<div data-elementor-type=\"wp-page\" data-elementor-id=\"1882\" class=\"elementor elementor-1882 elementor-1867\" data-elementor-post-type=\"page\">\n\t\t\t\t<div class=\"elementor-element elementor-element-9dfd215 e-flex e-con-boxed e-con e-parent\" data-id=\"9dfd215\" data-element_type=\"container\" data-settings=\"{&quot;background_background&quot;:&quot;classic&quot;}\">\n\t\t\t\t\t<div class=\"e-con-inner\">\n\t\t<div class=\"elementor-element elementor-element-9936df6 e-con-full e-flex e-con e-child\" data-id=\"9936df6\" data-element_type=\"container\">\n\t\t<div class=\"elementor-element elementor-element-9e7a153 e-con-full e-flex elementor-invisible e-con e-child\" data-id=\"9e7a153\" data-element_type=\"container\" data-settings=\"{&quot;animation&quot;:&quot;fadeInUp&quot;}\">\n\t\t\t\t<div class=\"elementor-element elementor-element-4c81d89 elementor-widget elementor-widget-heading\" data-id=\"4c81d89\" data-element_type=\"widget\" data-widget_type=\"heading.default\">\n\t\t\t\t\t<h2 class=\"elementor-heading-title elementor-size-default\">T\u00e9rminos de servicio<\/h2>\t\t\t\t<\/div>\n\t\t\t\t<\/div>\n\t\t\t\t<\/div>\n\t\t\t\t\t<\/div>\n\t\t\t\t<\/div>\n\t\t<div class=\"elementor-element elementor-element-f47b344 e-flex e-con-boxed e-con e-parent\" data-id=\"f47b344\" data-element_type=\"container\" data-settings=\"{&quot;background_background&quot;:&quot;classic&quot;}\">\n\t\t\t\t\t<div class=\"e-con-inner\">\n\t\t<div class=\"elementor-element elementor-element-9bd1780 e-con-full e-flex e-con e-child\" data-id=\"9bd1780\" data-element_type=\"container\">\n\t\t\t\t<div class=\"elementor-element elementor-element-30b21a1 elementor-widget elementor-widget-heading\" data-id=\"30b21a1\" data-element_type=\"widget\" data-widget_type=\"heading.default\">\n\t\t\t\t\t<h2 class=\"elementor-heading-title elementor-size-default\">T\u00e9rminos de servicio<\/h2>\t\t\t\t<\/div>\n\t\t\t\t<div class=\"elementor-element elementor-element-87e7f4f elementor-widget elementor-widget-text-editor\" data-id=\"87e7f4f\" data-element_type=\"widget\" data-widget_type=\"text-editor.default\">\n\t\t\t\t\t\t\t\t\t<h4><b>Alcance de los Servicios<\/b><\/h4><p><span style=\"font-weight: 400;\">Esta pol\u00edtica se aplica a todos los programas de Paideia Prestige:<\/span><\/p><ul><li style=\"font-weight: 400;\" aria-level=\"1\"><b>Paideia Pathways <\/b><span style=\"font-weight: 400;\">\u2192 Asesoramiento integral en cada etapa de las admisiones en Estados Unidos e internacionales.<\/span><\/li><li style=\"font-weight: 400;\" aria-level=\"1\"><b>Hoja de ruta de Paideia<\/b> <span style=\"font-weight: 400;\">\u2192 Una sesi\u00f3n de plan estrat\u00e9gico de 90 minutos para j\u00f3venes y mayores.<\/span><\/li><li style=\"font-weight: 400;\" aria-level=\"1\"><b>Fundamentos de Paideia<\/b> <span style=\"font-weight: 400;\">\u2192 Planificaci\u00f3n temprana y registros estructurados para estudiantes de 9.\u00ba y 10.\u00ba grado.<\/span><\/li><li style=\"font-weight: 400;\" aria-level=\"1\"><b>Tours de inmersi\u00f3n en Paideia College <\/b><span style=\"font-weight: 400;\">\u2192 Experiencias educativas seleccionadas en EE. UU. y Europa que combinan exploraci\u00f3n cultural con conocimiento sobre admisiones.<\/span><\/li><\/ul>\t\t\t\t\t\t\t\t<\/div>\n\t\t\t\t<div class=\"elementor-element elementor-element-a277b8e elementor-widget elementor-widget-text-editor\" data-id=\"a277b8e\" data-element_type=\"widget\" data-widget_type=\"text-editor.default\">\n\t\t\t\t\t\t\t\t\t<h4><b>Descargos de responsabilidad<\/b><\/h4><ol><li style=\"font-weight: 400;\" aria-level=\"1\"><b>Responsabilidad limitada<\/b> <b>:<\/b><br><span style=\"font-weight: 400;\">La eficacia de la consultor\u00eda de Paideia Prestige depende de que los clientes proporcionen materiales precisos y completos de manera oportuna, y de que los estudiantes se comprometan plenamente con las tareas, actividades y recomendaciones.<\/span><\/li><li style=\"font-weight: 400;\" aria-level=\"1\"><b>Responsabilidades compartidas<\/b><b><br><\/b><span style=\"font-weight: 400;\">La asesor\u00eda es un proceso colaborativo. Las familias, los estudiantes y los consultores comparten responsabilidades para asegurar el progreso y el \u00e9xito. Estas responsabilidades se detallan en el acuerdo formal del cliente.  <\/span><\/li><li style=\"font-weight: 400;\" aria-level=\"1\"><b>Sin garant\u00eda de admisi\u00f3n<\/b><b><br><\/b><span style=\"font-weight: 400;\">Las tasas abonadas cubren \u00fanicamente los servicios de asesor\u00eda. La decisi\u00f3n de d\u00f3nde solicitar el curso recae en el estudiante y su familia. Paideia Prestige ofrece&#8230;   <\/span><b>No hay garant\u00eda de colocaci\u00f3n, admisi\u00f3n o aceptaci\u00f3n<\/b> <span style=\"font-weight: 400;\">en ninguna instituci\u00f3n.<\/span><\/li><li style=\"font-weight: 400;\" aria-level=\"1\"><b>Asesoramiento Independiente<\/b><b><br><\/b><span style=\"font-weight: 400;\">Paideia Prestige no acepta compensaci\u00f3n de instituciones. Todas las recomendaciones son independientes y se centran en el estudiante. <\/span><\/li><li style=\"font-weight: 400;\" aria-level=\"1\"><b>No es una empresa de turismo<\/b><b><br><\/b><span style=\"font-weight: 400;\">Los viajes de inmersi\u00f3n son de car\u00e1cter educativo. Las familias son responsables de organizar su propio viaje, alojamiento, comidas y dem\u00e1s aspectos log\u00edsticos. Paideia Prestige organiza el itinerario educativo y ofrece orientaci\u00f3n sobre la admisi\u00f3n, pero no funciona como agencia de viajes ni proveedor de servicios tur\u00edsticos.  <\/span><\/li><li style=\"font-weight: 400;\" aria-level=\"1\"><b>Exenci\u00f3n de responsabilidad del tour de inmersi\u00f3n<\/b><b><br><\/b><span style=\"font-weight: 400;\">La participaci\u00f3n en los Tours de Inmersi\u00f3n conlleva riesgos inherentes, que incluyen, entre otros, enfermedades, lesiones, robos o interrupciones del viaje. Las familias deber\u00e1n firmar un  <\/span><b>formulario de autorizaci\u00f3n por<\/b> <span style=\"font-weight: 400;\">separado que reconoce estos riesgos, autoriza la atenci\u00f3n m\u00e9dica de emergencia si es necesario y acepta que Paideia Prestige no es responsable de accidentes, emergencias o eventos imprevistos,<\/span> <b>excepto en casos de negligencia grave o mala conducta intencional.<\/b><\/li><li style=\"font-weight: 400;\" aria-level=\"1\"><b>Conciencia pol\u00edtica y social<\/b><b><br><\/b><span style=\"font-weight: 400;\">Se informa a las familias que las leyes estatales, locales e internacionales, as\u00ed como las pol\u00edticas universitarias, est\u00e1n sujetas a cambios. Estos pueden afectar aspectos de la vida estudiantil, incluyendo, entre otros, los requisitos de vacunaci\u00f3n, el acceso a la atenci\u00f3n m\u00e9dica, los medicamentos, los anticonceptivos, las armas de fuego, las drogas y el alcohol. Es responsabilidad de las familias investigar y evaluar estas condiciones antes de elegir una instituci\u00f3n o participar en una visita.  <\/span><\/li><li style=\"font-weight: 400;\" aria-level=\"1\"><b>Consultas introductorias<\/b><b><br><\/b><span style=\"font-weight: 400;\">Una consulta introductoria no constituye un acuerdo firmado para trabajar juntos. Es una oportunidad para que tanto la familia como Paideia Prestige determinen si los servicios son adecuados para usted. <\/span><\/li><li style=\"font-weight: 400;\" aria-level=\"1\"><b>Consentimiento para medios y redes sociales<\/b><b><br><\/b><span style=\"font-weight: 400;\">Paideia Prestige respeta la privacidad familiar. Las fotos, videos, testimonios o art\u00edculos de estudiantes nunca se compartir\u00e1n en redes sociales ni materiales de marketing sin un formulario de autorizaci\u00f3n de prensa firmado. Las familias pueden   <\/span><b>optar por participar o no<\/b><span style=\"font-weight: 400;\"> del uso de los medios al momento del acuerdo. El consentimiento es estrictamente opcional. <\/span><\/li><li style=\"font-weight: 400;\" aria-level=\"1\"><b>Informaci\u00f3n del cliente<\/b><b><br><\/b><span style=\"font-weight: 400;\">Toda la informaci\u00f3n del cliente se recopila con fines de asesoramiento. Los datos se almacenan de forma segura y no se comparten con terceros m\u00e1s all\u00e1 de lo necesario para la prestaci\u00f3n de los servicios. <\/span><\/li><\/ol>\t\t\t\t\t\t\t\t<\/div>\n\t\t\t\t<div class=\"elementor-element elementor-element-9b0d4b1 elementor-widget elementor-widget-text-editor\" data-id=\"9b0d4b1\" data-element_type=\"widget\" data-widget_type=\"text-editor.default\">\n\t\t\t\t\t\t\t\t\t<h4><b>Condiciones de pago<\/b><\/h4><ul><li style=\"font-weight: 400;\" aria-level=\"1\"><span style=\"font-weight: 400;\">Los honorarios de los servicios se acuerdan por escrito antes del inicio del asesoramiento.<\/span><\/li><li style=\"font-weight: 400;\" aria-level=\"1\"><span style=\"font-weight: 400;\">Los pagos cubren \u00fanicamente los servicios de asesoramiento y<\/span> <b>no son reembolsables una vez que los servicios han<\/b> comenzado.<\/li><li style=\"font-weight: 400;\" aria-level=\"1\"><span style=\"font-weight: 400;\">Es posible que est\u00e9n disponibles planes de pago estructurados a pedido.<\/span><\/li><li style=\"font-weight: 400;\" aria-level=\"1\"><span style=\"font-weight: 400;\">Las familias se comprometen a efectuar los pagos de manera puntual conforme a lo estipulado en el acuerdo con el cliente.<\/span><\/li><\/ul>\t\t\t\t\t\t\t\t<\/div>\n\t\t\t\t<\/div>\n\t\t\t\t\t<\/div>\n\t\t\t\t<\/div>\n\t\t\t\t<\/div>\n\t\t","protected":false},"excerpt":{"rendered":"<p>T\u00e9rminos de servicio T\u00e9rminos de servicio Alcance de los Servicios Esta pol\u00edtica se aplica a todos los programas de Paideia Prestige: Paideia Pathways \u2192 Asesoramiento integral en cada etapa de las admisiones en Estados Unidos e internacionales. Hoja de ruta de Paideia \u2192 Una sesi\u00f3n de plan estrat\u00e9gico de 90 minutos para j\u00f3venes y mayores. [&hellip;]<\/p>\n","protected":false},"author":1,"featured_media":0,"parent":0,"menu_order":0,"comment_status":"closed","ping_status":"closed","template":"","meta":{"two_page_speed":[],"footnotes":""},"class_list":["post-1882","page","type-page","status-publish","hentry"],"yoast_head":"<!-- This site is optimized with the Yoast SEO plugin v26.2 - https:\/\/yoast.com\/wordpress\/plugins\/seo\/ -->\n<title>T\u00e9rminos de servicio - Paideia Prestige<\/title>\n<meta name=\"robots\" content=\"index, follow, max-snippet:-1, max-image-preview:large, max-video-preview:-1\" \/>\n<link rel=\"canonical\" href=\"https:\/\/paideiaprestige.com\/es\/terminos-de-servicio\/\" \/>\n<meta property=\"og:locale\" content=\"es_ES\" \/>\n<meta property=\"og:type\" content=\"article\" \/>\n<meta property=\"og:title\" content=\"T\u00e9rminos de servicio - Paideia Prestige\" \/>\n<meta property=\"og:description\" content=\"T\u00e9rminos de servicio T\u00e9rminos de servicio Alcance de los Servicios Esta pol\u00edtica se aplica a todos los programas de Paideia Prestige: Paideia Pathways \u2192 Asesoramiento integral en cada etapa de las admisiones en Estados Unidos e internacionales. Hoja de ruta de Paideia \u2192 Una sesi\u00f3n de plan estrat\u00e9gico de 90 minutos para j\u00f3venes y mayores. [&hellip;]\" \/>\n<meta property=\"og:url\" content=\"https:\/\/paideiaprestige.com\/es\/terminos-de-servicio\/\" \/>\n<meta property=\"og:site_name\" content=\"Paideia Prestige\" \/>\n<meta property=\"article:modified_time\" content=\"2025-09-25T18:06:59+00:00\" \/>\n<meta name=\"twitter:card\" content=\"summary_large_image\" \/>\n<meta name=\"twitter:label1\" content=\"Tiempo de lectura\" \/>\n\t<meta name=\"twitter:data1\" content=\"3 minutos\" \/>\n<script type=\"application\/ld+json\" class=\"yoast-schema-graph\">{\"@context\":\"https:\/\/schema.org\",\"@graph\":[{\"@type\":\"WebPage\",\"@id\":\"https:\/\/paideiaprestige.com\/es\/terminos-de-servicio\/\",\"url\":\"https:\/\/paideiaprestige.com\/es\/terminos-de-servicio\/\",\"name\":\"T\u00e9rminos de servicio - Paideia Prestige\",\"isPartOf\":{\"@id\":\"https:\/\/paideiaprestige.com\/#website\"},\"datePublished\":\"2025-09-24T11:04:15+00:00\",\"dateModified\":\"2025-09-25T18:06:59+00:00\",\"breadcrumb\":{\"@id\":\"https:\/\/paideiaprestige.com\/es\/terminos-de-servicio\/#breadcrumb\"},\"inLanguage\":\"es\",\"potentialAction\":[{\"@type\":\"ReadAction\",\"target\":[\"https:\/\/paideiaprestige.com\/es\/terminos-de-servicio\/\"]}]},{\"@type\":\"BreadcrumbList\",\"@id\":\"https:\/\/paideiaprestige.com\/es\/terminos-de-servicio\/#breadcrumb\",\"itemListElement\":[{\"@type\":\"ListItem\",\"position\":1,\"name\":\"Home\",\"item\":\"https:\/\/paideiaprestige.com\/\"},{\"@type\":\"ListItem\",\"position\":2,\"name\":\"T\u00e9rminos de servicio\"}]},{\"@type\":\"WebSite\",\"@id\":\"https:\/\/paideiaprestige.com\/#website\",\"url\":\"https:\/\/paideiaprestige.com\/\",\"name\":\"Paideia Prestige\",\"description\":\"\",\"publisher\":{\"@id\":\"https:\/\/paideiaprestige.com\/#organization\"},\"potentialAction\":[{\"@type\":\"SearchAction\",\"target\":{\"@type\":\"EntryPoint\",\"urlTemplate\":\"https:\/\/paideiaprestige.com\/?s={search_term_string}\"},\"query-input\":{\"@type\":\"PropertyValueSpecification\",\"valueRequired\":true,\"valueName\":\"search_term_string\"}}],\"inLanguage\":\"es\"},{\"@type\":\"Organization\",\"@id\":\"https:\/\/paideiaprestige.com\/#organization\",\"name\":\"Paideia Prestige\",\"url\":\"https:\/\/paideiaprestige.com\/\",\"logo\":{\"@type\":\"ImageObject\",\"inLanguage\":\"es\",\"@id\":\"https:\/\/paideiaprestige.com\/#\/schema\/logo\/image\/\",\"url\":\"https:\/\/paideiaprestige.com\/wp-content\/uploads\/2025\/07\/Recurso-375@300x-1-scaled.png\",\"contentUrl\":\"https:\/\/paideiaprestige.com\/wp-content\/uploads\/2025\/07\/Recurso-375@300x-1-scaled.png\",\"width\":2560,\"height\":1026,\"caption\":\"Paideia Prestige\"},\"image\":{\"@id\":\"https:\/\/paideiaprestige.com\/#\/schema\/logo\/image\/\"},\"sameAs\":[\"https:\/\/www.instagram.com\/paideiaprestige\/\",\"https:\/\/www.tiktok.com\/@paideia.prestige\"]}]}<\/script>\n<!-- \/ Yoast SEO plugin. -->","yoast_head_json":{"title":"T\u00e9rminos de servicio - Paideia Prestige","robots":{"index":"index","follow":"follow","max-snippet":"max-snippet:-1","max-image-preview":"max-image-preview:large","max-video-preview":"max-video-preview:-1"},"canonical":"https:\/\/paideiaprestige.com\/es\/terminos-de-servicio\/","og_locale":"es_ES","og_type":"article","og_title":"T\u00e9rminos de servicio - Paideia Prestige","og_description":"T\u00e9rminos de servicio T\u00e9rminos de servicio Alcance de los Servicios Esta pol\u00edtica se aplica a todos los programas de Paideia Prestige: Paideia Pathways \u2192 Asesoramiento integral en cada etapa de las admisiones en Estados Unidos e internacionales. Hoja de ruta de Paideia \u2192 Una sesi\u00f3n de plan estrat\u00e9gico de 90 minutos para j\u00f3venes y mayores. [&hellip;]","og_url":"https:\/\/paideiaprestige.com\/es\/terminos-de-servicio\/","og_site_name":"Paideia Prestige","article_modified_time":"2025-09-25T18:06:59+00:00","twitter_card":"summary_large_image","twitter_misc":{"Tiempo de lectura":"3 minutos"},"schema":{"@context":"https:\/\/schema.org","@graph":[{"@type":"WebPage","@id":"https:\/\/paideiaprestige.com\/es\/terminos-de-servicio\/","url":"https:\/\/paideiaprestige.com\/es\/terminos-de-servicio\/","name":"T\u00e9rminos de servicio - Paideia Prestige","isPartOf":{"@id":"https:\/\/paideiaprestige.com\/#website"},"datePublished":"2025-09-24T11:04:15+00:00","dateModified":"2025-09-25T18:06:59+00:00","breadcrumb":{"@id":"https:\/\/paideiaprestige.com\/es\/terminos-de-servicio\/#breadcrumb"},"inLanguage":"es","potentialAction":[{"@type":"ReadAction","target":["https:\/\/paideiaprestige.com\/es\/terminos-de-servicio\/"]}]},{"@type":"BreadcrumbList","@id":"https:\/\/paideiaprestige.com\/es\/terminos-de-servicio\/#breadcrumb","itemListElement":[{"@type":"ListItem","position":1,"name":"Home","item":"https:\/\/paideiaprestige.com\/"},{"@type":"ListItem","position":2,"name":"T\u00e9rminos de servicio"}]},{"@type":"WebSite","@id":"https:\/\/paideiaprestige.com\/#website","url":"https:\/\/paideiaprestige.com\/","name":"Paideia Prestige","description":"","publisher":{"@id":"https:\/\/paideiaprestige.com\/#organization"},"potentialAction":[{"@type":"SearchAction","target":{"@type":"EntryPoint","urlTemplate":"https:\/\/paideiaprestige.com\/?s={search_term_string}"},"query-input":{"@type":"PropertyValueSpecification","valueRequired":true,"valueName":"search_term_string"}}],"inLanguage":"es"},{"@type":"Organization","@id":"https:\/\/paideiaprestige.com\/#organization","name":"Paideia Prestige","url":"https:\/\/paideiaprestige.com\/","logo":{"@type":"ImageObject","inLanguage":"es","@id":"https:\/\/paideiaprestige.com\/#\/schema\/logo\/image\/","url":"https:\/\/paideiaprestige.com\/wp-content\/uploads\/2025\/07\/Recurso-375@300x-1-scaled.png","contentUrl":"https:\/\/paideiaprestige.com\/wp-content\/uploads\/2025\/07\/Recurso-375@300x-1-scaled.png","width":2560,"height":1026,"caption":"Paideia Prestige"},"image":{"@id":"https:\/\/paideiaprestige.com\/#\/schema\/logo\/image\/"},"sameAs":["https:\/\/www.instagram.com\/paideiaprestige\/","https:\/\/www.tiktok.com\/@paideia.prestige"]}]}},"_links":{"self":[{"href":"https:\/\/paideiaprestige.com\/es\/wp-json\/wp\/v2\/pages\/1882","targetHints":{"allow":["GET"]}}],"collection":[{"href":"https:\/\/paideiaprestige.com\/es\/wp-json\/wp\/v2\/pages"}],"about":[{"href":"https:\/\/paideiaprestige.com\/es\/wp-json\/wp\/v2\/types\/page"}],"author":[{"embeddable":true,"href":"https:\/\/paideiaprestige.com\/es\/wp-json\/wp\/v2\/users\/1"}],"replies":[{"embeddable":true,"href":"https:\/\/paideiaprestige.com\/es\/wp-json\/wp\/v2\/comments?post=1882"}],"version-history":[{"count":3,"href":"https:\/\/paideiaprestige.com\/es\/wp-json\/wp\/v2\/pages\/1882\/revisions"}],"predecessor-version":[{"id":1888,"href":"https:\/\/paideiaprestige.com\/es\/wp-json\/wp\/v2\/pages\/1882\/revisions\/1888"}],"wp:attachment":[{"href":"https:\/\/paideiaprestige.com\/es\/wp-json\/wp\/v2\/media?parent=1882"}],"curies":[{"name":"wp","href":"https:\/\/api.w.org\/{rel}","templated":true}]}}